{"id":10,"date":"2026-02-23T20:47:12","date_gmt":"2026-02-23T19:47:12","guid":{"rendered":"https:\/\/journalofspace.com\/ce\/newsletter\/"},"modified":"2026-02-23T20:47:12","modified_gmt":"2026-02-23T19:47:12","slug":"newsletter","status":"publish","type":"page","link":"https:\/\/journalofspace.com\/ce\/newsletter\/","title":{"rendered":"Newsletter"},"content":{"rendered":"<div class=\"newsletter-section\">\n        <div class=\"newsletter-plugin-form-wrapper newsletter-style-default\">\r\n            <form class=\"newsletter-plugin-form\" id=\"newsletter-plugin-form\" novalidate>\r\n\r\n                <!-- Champs cach\u00e9s techniques -->\r\n                <input type=\"hidden\" id=\"newsletter-captcha-token\" name=\"captcha_token\" value=\"e7j6YrP62PojJD7NsPvQ1r4P3N5IQx29\">\r\n                <input type=\"hidden\" id=\"newsletter-form-token\"    name=\"form_token\"    value=\"ByXwD7iHjbNejh60\">\r\n\r\n                <!-- Champ honeypot (invisible pour les humains) -->\r\n                <div class=\"newsletter-honeypot\" aria-hidden=\"true\" style=\"position:absolute;left:-9999px;top:-9999px;opacity:0;height:0;overflow:hidden;\">\r\n                    <label for=\"newsletter-website\">Ne pas remplir ce champ<\/label>\r\n                    <input type=\"text\" id=\"newsletter-website\" name=\"website\" value=\"\" tabindex=\"-1\" autocomplete=\"off\">\r\n                <\/div>\r\n\r\n                <div class=\"newsletter-form-body\">\r\n\r\n                    <div class=\"newsletter-form-header\">\r\n                        <h3 class=\"newsletter-form-title\">\r\n                            Re\u0123istr\u0113ties jaunumiem                        <\/h3>\r\n                        <p class=\"newsletter-form-subtitle\">\r\n                            Sa\u0146emiet zi\u0146as, pied\u0101v\u0101jumus un ekskluz\u012bvu saturu                        <\/p>\r\n                    <\/div>\r\n\r\n                    <!-- Type d'abonnement -->\r\n                    <div class=\"newsletter-form-group newsletter-subscription-type\">\r\n                        <label class=\"newsletter-radio-label\">\r\n                            <input type=\"radio\" name=\"subscription_type\" value=\"all\" checked>\r\n                            <span>Sa\u0146emt visu inform\u0101ciju<\/span>\r\n                        <\/label>\r\n                        <label class=\"newsletter-radio-label\">\r\n                            <input type=\"radio\" name=\"subscription_type\" value=\"important\">\r\n                            <span>Sa\u0146emt tikai svar\u012bg\u0101ko inform\u0101ciju<\/span>\r\n                        <\/label>\r\n                    <\/div>\r\n\r\n                    <!-- Nom et Pr\u00e9nom -->\r\n                    <div class=\"newsletter-form-row\">\r\n                        <div class=\"newsletter-form-group newsletter-form-col-2\">\r\n                            <label for=\"newsletter-last-name\">Uzv\u0101rds *<\/label>\r\n                            <input type=\"text\" id=\"newsletter-last-name\" name=\"last_name\" required autocomplete=\"family-name\">\r\n                        <\/div>\r\n                        <div class=\"newsletter-form-group newsletter-form-col-2\">\r\n                            <label for=\"newsletter-first-name\">V\u0101rds *<\/label>\r\n                            <input type=\"text\" id=\"newsletter-first-name\" name=\"first_name\" required autocomplete=\"given-name\">\r\n                        <\/div>\r\n                    <\/div>\r\n\r\n                    <!-- Email -->\r\n                    <div class=\"newsletter-form-group\">\r\n                        <label for=\"newsletter-email\">E-pasta adrese *<\/label>\r\n                        <input type=\"email\" id=\"newsletter-email\" name=\"email\" required autocomplete=\"email\">\r\n                    <\/div>\r\n\r\n                    <!-- Consentement RGPD -->\r\n                    <div class=\"newsletter-form-group newsletter-checkbox-group\">\r\n                        <label class=\"newsletter-checkbox-label\">\r\n                            <input type=\"checkbox\" name=\"consent\" value=\"1\" required>\r\n                            <span>Piekr\u012btu sa\u0146emt jaunumus e-past\u0101 un pie\u0146emu HuViVe lieto\u0161anas noteikumus *<\/span>\r\n                        <\/label>\r\n                    <\/div>\r\n\r\n                    <!-- Alertes SMS (optionnel) -->\r\n                    <div class=\"newsletter-form-group newsletter-checkbox-group\">\r\n                        <label class=\"newsletter-checkbox-label\">\r\n                            <input type=\"checkbox\" name=\"sms_alerts\" value=\"1\" id=\"newsletter-sms-alerts\">\r\n                            <span>V\u0113los sa\u0146emt pazi\u0146ojumus SMS veid\u0101<\/span>\r\n                        <\/label>\r\n                    <\/div>\r\n\r\n                    <!-- T\u00e9l\u00e9phone (conditionnel) -->\r\n                    <div class=\"newsletter-form-group newsletter-phone-group\" style=\"display:none;\">\r\n                        <label for=\"newsletter-phone\">T\u0101lru\u0146a numurs (p\u0113c izv\u0113les)<\/label>\r\n                        <input type=\"tel\" id=\"newsletter-phone\" name=\"phone\" autocomplete=\"tel\">\r\n                    <\/div>\r\n\r\n                    <!-- CAPTCHA math\u00e9matique -->\r\n                    <div class=\"newsletter-form-group newsletter-captcha-group\">\r\n                        <label for=\"newsletter-captcha\">\r\n                            L\u016bdzu, atrisiniet \u0161o apr\u0113\u0137inu:                            <strong id=\"newsletter-captcha-question\">10 - 3<\/strong> *\r\n                        <\/label>\r\n                        <div class=\"newsletter-captcha-input-wrapper\">\r\n                            <input type=\"number\" id=\"newsletter-captcha\" name=\"captcha_answer\" required min=\"-10\" max=\"20\">\r\n                            <button type=\"button\" class=\"newsletter-refresh-captcha\" title=\"Nouveau calcul\" aria-label=\"G\u00e9n\u00e9rer un nouveau calcul\">\r\n                                <svg width=\"16\" height=\"16\" viewBox=\"0 0 16 16\" fill=\"none\" aria-hidden=\"true\">\r\n                                    <path d=\"M13.65 2.35C12.2 0.9 10.21 0 8 0C3.58 0 0 3.58 0 8C0 12.42 3.58 16 8 16C11.73 16 14.84 13.45 15.73 10H13.65C12.83 12.33 10.61 14 8 14C4.69 14 2 11.31 2 8C2 4.69 4.69 2 8 2C9.66 2 11.14 2.69 12.22 3.78L9 7H16V0L13.65 2.35Z\" fill=\"currentColor\"\/>\r\n                                <\/svg>\r\n                            <\/button>\r\n                        <\/div>\r\n                    <\/div>\r\n\r\n                    <!-- Message d'erreur \/ succ\u00e8s -->\r\n                    <div class=\"newsletter-form-message\" role=\"alert\" aria-live=\"polite\" style=\"display:none;\"><\/div>\r\n\r\n                    <!-- Bouton de soumission -->\r\n                    <div class=\"newsletter-form-group\">\r\n                        <button type=\"submit\" class=\"newsletter-submit-btn\">\r\n                            <span class=\"newsletter-btn-text\">Re\u0123istr\u0113ties<\/span>\r\n                            <span class=\"newsletter-btn-loader\" style=\"display:none;\" aria-hidden=\"true\">\r\n                                <svg width=\"20\" height=\"20\" viewBox=\"0 0 20 20\">\r\n                                    <circle cx=\"10\" cy=\"10\" r=\"8\" stroke=\"currentColor\" stroke-width=\"2\" fill=\"none\" stroke-dasharray=\"50.265\" stroke-dashoffset=\"0\">\r\n                                        <animateTransform attributeName=\"transform\" type=\"rotate\" from=\"0 10 10\" to=\"360 10 10\" dur=\"1s\" repeatCount=\"indefinite\"\/>\r\n                                    <\/circle>\r\n                                <\/svg>\r\n                            <\/span>\r\n                        <\/button>\r\n                    <\/div>\r\n\r\n                    <!-- Texte de confidentialit\u00e9 RGPD -->\r\n                    <div class=\"newsletter-privacy-text\">\r\n                        <p>J\u016bsu dati ir aizsarg\u0101ti un nek\u0101d\u0101 gad\u012bjum\u0101 netiek p\u0101rdoti t\u0101l\u0101k<\/p>\r\n                        <p>J\u016bs varat atteikties un dz\u0113st savus datus jebkur\u0101 laik\u0101<\/p>\r\n                    <\/div>\r\n\r\n                <\/div>\r\n            <\/form>\r\n        <\/div>\r\n        \n<\/div>\n","protected":false},"excerpt":{"rendered":"","protected":false},"author":1,"featured_media":0,"parent":0,"menu_order":0,"comment_status":"closed","ping_status":"closed","template":"","meta":{"footnotes":""},"class_list":["post-10","page","type-page","status-publish","hentry","entry"],"_links":{"self":[{"href":"https:\/\/journalofspace.com\/ce\/wp-json\/wp\/v2\/pages\/10","targetHints":{"allow":["GET"]}}],"collection":[{"href":"https:\/\/journalofspace.com\/ce\/wp-json\/wp\/v2\/pages"}],"about":[{"href":"https:\/\/journalofspace.com\/ce\/wp-json\/wp\/v2\/types\/page"}],"author":[{"embeddable":true,"href":"https:\/\/journalofspace.com\/ce\/wp-json\/wp\/v2\/users\/1"}],"replies":[{"embeddable":true,"href":"https:\/\/journalofspace.com\/ce\/wp-json\/wp\/v2\/comments?post=10"}],"version-history":[{"count":0,"href":"https:\/\/journalofspace.com\/ce\/wp-json\/wp\/v2\/pages\/10\/revisions"}],"wp:attachment":[{"href":"https:\/\/journalofspace.com\/ce\/wp-json\/wp\/v2\/media?parent=10"}],"curies":[{"name":"wp","href":"https:\/\/api.w.org\/{rel}","templated":true}]}}